{"id":317,"date":"2019-07-18T10:55:43","date_gmt":"2019-07-18T13:55:43","guid":{"rendered":"https:\/\/www.turbosol.com.ar\/web\/?post_type=product&#038;p=317"},"modified":"2025-07-15T08:47:00","modified_gmt":"2025-07-15T11:47:00","slug":"beton-master-bomba-a-piston","status":"publish","type":"product","link":"https:\/\/www.turbosol.com.ar\/web\/product\/beton-master-bomba-a-piston\/","title":{"rendered":"BETON MASTER (Bomba a Pist\u00f3n)"},"content":{"rendered":"<h2 class=\"product-headline\">Beton master<\/h2>\n<div class=\"abstract\">\n<p><strong>Bomba\u00a0<\/strong><strong>para bombeo y proyecci\u00f3n de hormig\u00f3n con comprobada resistencia al desgaste<\/strong><\/p>\n<div>Bomba bicil\u00edndrica con v\u00e1lvula en \u00abS\u00bb y caudal variable para el bombeo de hormig\u00f3n, micro-hormig\u00f3n y hormigones especiales y la proyecci\u00f3n de hormig\u00f3n y mortero (gunitado). Beton Master es el socio ideal de las hormigoneras comunes, en especial cuando se presentan condiciones log\u00edsticas adversas.<\/div>\n<\/div>\n<p>&nbsp;<\/p>\n<p>&nbsp;<\/p>\n","protected":false},"excerpt":{"rendered":"<p><a href=\"https:\/\/www.turbosol.com.ar\/web\/solicitud-de-informacion-personalizada\/\" target=\"_blank\" rel=\"noopener noreferrer\"><img loading=\"lazy\" decoding=\"async\" class=\"alignnone wp-image-259 size-full\" src=\"https:\/\/www.turbosol.com.ar\/web\/wp-content\/uploads\/2019\/06\/boton-solicitud.png\" alt=\"\" width=\"200\" height=\"50\" \/><\/a><\/p>\n","protected":false},"featured_media":318,"comment_status":"open","ping_status":"closed","template":"","meta":[],"product_brand":[],"product_cat":[20],"product_tag":[],"class_list":{"0":"post-317","1":"product","2":"type-product","3":"status-publish","4":"has-post-thumbnail","6":"product_cat-hormigon","8":"first","9":"instock","10":"shipping-taxable","11":"product-type-simple"},"_links":{"self":[{"href":"https:\/\/www.turbosol.com.ar\/web\/wp-json\/wp\/v2\/product\/317","targetHints":{"allow":["GET"]}}],"collection":[{"href":"https:\/\/www.turbosol.com.ar\/web\/wp-json\/wp\/v2\/product"}],"about":[{"href":"https:\/\/www.turbosol.com.ar\/web\/wp-json\/wp\/v2\/types\/product"}],"replies":[{"embeddable":true,"href":"https:\/\/www.turbosol.com.ar\/web\/wp-json\/wp\/v2\/comments?post=317"}],"wp:featuredmedia":[{"embeddable":true,"href":"https:\/\/www.turbosol.com.ar\/web\/wp-json\/wp\/v2\/media\/318"}],"wp:attachment":[{"href":"https:\/\/www.turbosol.com.ar\/web\/wp-json\/wp\/v2\/media?parent=317"}],"wp:term":[{"taxonomy":"product_brand","embeddable":true,"href":"https:\/\/www.turbosol.com.ar\/web\/wp-json\/wp\/v2\/product_brand?post=317"},{"taxonomy":"product_cat","embeddable":true,"href":"https:\/\/www.turbosol.com.ar\/web\/wp-json\/wp\/v2\/product_cat?post=317"},{"taxonomy":"product_tag","embeddable":true,"href":"https:\/\/www.turbosol.com.ar\/web\/wp-json\/wp\/v2\/product_tag?post=317"}],"curies":[{"name":"wp","href":"https:\/\/api.w.org\/{rel}","templated":true}]}}