{"id":309,"date":"2019-07-16T17:46:03","date_gmt":"2019-07-16T20:46:03","guid":{"rendered":"https:\/\/www.turbosol.com.ar\/web\/?post_type=product&#038;p=309"},"modified":"2025-04-25T21:06:45","modified_gmt":"2025-04-26T00:06:45","slug":"turbomix-m22-2","status":"publish","type":"product","link":"https:\/\/www.turbosol.com.ar\/web\/product\/turbomix-m22-2\/","title":{"rendered":"TURBOMIX M22"},"content":{"rendered":"<h3 class=\"mbr-section-subtitle align-left mbr-white mbr-light pb-3 mbr-fonts-style display-7\"><strong>Mezcladora autom\u00e1tica para morteros premezclados secos<\/strong><\/h3>\n<div class=\"mbr-section-text mbr-white pb-3 \">\n<p class=\"mbr-text mbr-fonts-style display-7\">Mezcladora robusta, f\u00e1cil de usar y con altos rendimientos que produce mezclas homog\u00e9neas y de alta calidad. Se puede utilizar junto con m\u00e1quinas revocadoras o transportadoras, formando as\u00ed una unidad aut\u00f3noma de mezcla y bombeo de materiales premezclados. Se puede desarmar facilmente en cuatro partes para transporte y limpieza sencilla y veloz.<\/p>\n<\/div>\n","protected":false},"excerpt":{"rendered":"<p><a href=\"https:\/\/www.turbosol.com.ar\/web\/yeso\" target=\"_blank\" rel=\"noopener noreferrer\"><img loading=\"lazy\" decoding=\"async\" class=\"alignnone wp-image-259 size-full\" src=\"https:\/\/www.turbosol.com.ar\/web\/wp-content\/uploads\/2019\/06\/boton-solicitud.png\" alt=\"\" width=\"200\" height=\"50\" \/><\/a><\/p>\n<p><a href=\"http:\/\/turbosol.com\/public\/SPA\/m22-m55-silotur-SPA%202016%20ottobre-LR%20(2).pdf\" target=\"_blank\" rel=\"noopener noreferrer\"><strong>VER FOLLETO<\/strong><\/a><\/p>\n","protected":false},"featured_media":308,"comment_status":"open","ping_status":"closed","template":"","meta":[],"product_brand":[],"product_cat":[17],"product_tag":[],"class_list":{"0":"post-309","1":"product","2":"type-product","3":"status-publish","4":"has-post-thumbnail","6":"product_cat-revoques-premezclados-y-yeso","8":"first","9":"instock","10":"shipping-taxable","11":"product-type-simple"},"_links":{"self":[{"href":"https:\/\/www.turbosol.com.ar\/web\/wp-json\/wp\/v2\/product\/309","targetHints":{"allow":["GET"]}}],"collection":[{"href":"https:\/\/www.turbosol.com.ar\/web\/wp-json\/wp\/v2\/product"}],"about":[{"href":"https:\/\/www.turbosol.com.ar\/web\/wp-json\/wp\/v2\/types\/product"}],"replies":[{"embeddable":true,"href":"https:\/\/www.turbosol.com.ar\/web\/wp-json\/wp\/v2\/comments?post=309"}],"wp:featuredmedia":[{"embeddable":true,"href":"https:\/\/www.turbosol.com.ar\/web\/wp-json\/wp\/v2\/media\/308"}],"wp:attachment":[{"href":"https:\/\/www.turbosol.com.ar\/web\/wp-json\/wp\/v2\/media?parent=309"}],"wp:term":[{"taxonomy":"product_brand","embeddable":true,"href":"https:\/\/www.turbosol.com.ar\/web\/wp-json\/wp\/v2\/product_brand?post=309"},{"taxonomy":"product_cat","embeddable":true,"href":"https:\/\/www.turbosol.com.ar\/web\/wp-json\/wp\/v2\/product_cat?post=309"},{"taxonomy":"product_tag","embeddable":true,"href":"https:\/\/www.turbosol.com.ar\/web\/wp-json\/wp\/v2\/product_tag?post=309"}],"curies":[{"name":"wp","href":"https:\/\/api.w.org\/{rel}","templated":true}]}}