{"id":296,"date":"2019-07-16T17:08:51","date_gmt":"2019-07-16T20:08:51","guid":{"rendered":"https:\/\/www.turbosol.com.ar\/web\/?post_type=product&#038;p=296"},"modified":"2026-04-19T10:28:14","modified_gmt":"2026-04-19T13:28:14","slug":"giotto","status":"publish","type":"product","link":"https:\/\/www.turbosol.com.ar\/web\/product\/giotto\/","title":{"rendered":"GIOTTO"},"content":{"rendered":"<p><strong>Revocadora universal para premezclados secos<\/strong><\/p>\n<p>GIOTTO es una revocadora el\u00e9ctrica trif\u00e1sica ideal para dosar, mezclar, bombear y proyectar revoques premezclados en saco o directamento desde el silo. Est\u00e1 equipada con un bastidor modular de acero laminado que asegura m\u00e1xima resistencia de trabajo y motorreductor con alto rendimiento. GIOTTO es una m\u00e1quina top en su gama que garantiza altos rendimientos y continuidad operativa.<\/p>\n<p><iframe loading=\"lazy\" title=\"Giotto Mono on the jobsite\" width=\"1020\" height=\"574\" src=\"https:\/\/www.youtube.com\/embed\/wrHJhq7a-tc?feature=oembed\" frameborder=\"0\" allow=\"accelerometer; autoplay; clipboard-write; encrypted-media; gyroscope; picture-in-picture\" allowfullscreen><\/iframe><\/p>\n<p><strong>Applicaciones<\/strong><br \/>\n&#8211; Revoques para interiores: cemento, yeso, cal.<br \/>\n&#8211; Revoques para exterior: cal, cal\/cemento, ETICS y materiales aislantes livianos.<br \/>\n&#8211; Solados autonivelantes.<br \/>\n<strong>Vers\u00e1til y f\u00e1cil de usar<\/strong><br \/>\n&#8211; Las partes de desgaste son universales e intercambiables<br \/>\n&#8211; Disponibilidad de distintos grupos de bombeo intercambiables en funci\u00f3n del tipo y de la granulometr\u00eda del material premezclado deseado<br \/>\n&#8211; Se puede desarmar rapidamente para facilitar el transporte hasta el piso donde se tiene que realizar el revocado.<br \/>\n&#8211; Ancho en uso de s\u00f3lo 65 cm.<br \/>\n&#8211; Tolva con dosificador inclinado que asegura una alimentaci\u00f3n invariable de material a la zona de mezclado, permitiendo mezclas 100% homog\u00e9neas.<\/p>\n","protected":false},"excerpt":{"rendered":"<p><a href=\"https:\/\/www.turbosol.com.ar\/web\/yeso\" target=\"_blank\" rel=\"noopener noreferrer\"><img loading=\"lazy\" decoding=\"async\" class=\"alignnone wp-image-259 size-full\" src=\"https:\/\/www.turbosol.com.ar\/web\/wp-content\/uploads\/2019\/06\/boton-solicitud.png\" alt=\"\" width=\"200\" height=\"50\" \/><\/a><\/p>\n<p><a href=\"http:\/\/turbosol.com\/public\/SPA\/GIOTTO%202016Novembre%20SPA-LR.pdf\" target=\"_blank\" rel=\"noopener noreferrer\"><strong>VER FOLLETO<\/strong><\/a><\/p>\n","protected":false},"featured_media":297,"comment_status":"open","ping_status":"closed","template":"","meta":[],"product_brand":[],"product_cat":[22,17],"product_tag":[],"class_list":{"0":"post-296","1":"product","2":"type-product","3":"status-publish","4":"has-post-thumbnail","6":"product_cat-hormigon-celular-y-livianos","7":"product_cat-revoques-premezclados-y-yeso","9":"first","10":"instock","11":"shipping-taxable","12":"product-type-simple"},"_links":{"self":[{"href":"https:\/\/www.turbosol.com.ar\/web\/wp-json\/wp\/v2\/product\/296","targetHints":{"allow":["GET"]}}],"collection":[{"href":"https:\/\/www.turbosol.com.ar\/web\/wp-json\/wp\/v2\/product"}],"about":[{"href":"https:\/\/www.turbosol.com.ar\/web\/wp-json\/wp\/v2\/types\/product"}],"replies":[{"embeddable":true,"href":"https:\/\/www.turbosol.com.ar\/web\/wp-json\/wp\/v2\/comments?post=296"}],"wp:featuredmedia":[{"embeddable":true,"href":"https:\/\/www.turbosol.com.ar\/web\/wp-json\/wp\/v2\/media\/297"}],"wp:attachment":[{"href":"https:\/\/www.turbosol.com.ar\/web\/wp-json\/wp\/v2\/media?parent=296"}],"wp:term":[{"taxonomy":"product_brand","embeddable":true,"href":"https:\/\/www.turbosol.com.ar\/web\/wp-json\/wp\/v2\/product_brand?post=296"},{"taxonomy":"product_cat","embeddable":true,"href":"https:\/\/www.turbosol.com.ar\/web\/wp-json\/wp\/v2\/product_cat?post=296"},{"taxonomy":"product_tag","embeddable":true,"href":"https:\/\/www.turbosol.com.ar\/web\/wp-json\/wp\/v2\/product_tag?post=296"}],"curies":[{"name":"wp","href":"https:\/\/api.w.org\/{rel}","templated":true}]}}