{"id":280,"date":"2019-07-13T19:31:16","date_gmt":"2019-07-13T22:31:16","guid":{"rendered":"https:\/\/www.turbosol.com.ar\/web\/?post_type=product&#038;p=280"},"modified":"2026-05-10T04:52:33","modified_gmt":"2026-05-10T07:52:33","slug":"poli-t","status":"publish","type":"product","link":"https:\/\/www.turbosol.com.ar\/web\/product\/poli-t\/","title":{"rendered":"POLI T"},"content":{"rendered":"<p><strong>Revocadora con bomba de tornillo sinf\u00edn para morteros premezclados, comunes y especiales <\/strong><\/p>\n<p>Poli T es la bomba de tornillo sinf\u00edn que ofrece m\u00e1xima eficacia y flexibilidad ideal para ser equipar con distintos componentes seg\u00fan la aplicaci\u00f3n que se tiene que realizar. Si est\u00e1 acompa\u00f1ada por la mezcladora planetaria, Poli T se convierte en un verdadero centro aut\u00f3nomo de mezcla y bombeo. Disponible en dos versiones: (EV) con caudal variable y variador mec\u00e1nico de velocidad y (2V) con 2 velocidades fijas.<\/p>\n<p><iframe loading=\"lazy\" title=\"Poli T grouting in a Wind Tower Project\" width=\"1020\" height=\"574\" src=\"https:\/\/www.youtube.com\/embed\/FyXZpMR0eNk?start=2&#038;feature=oembed\" frameborder=\"0\" allow=\"accelerometer; autoplay; clipboard-write; encrypted-media; gyroscope; picture-in-picture; web-share\" referrerpolicy=\"strict-origin-when-cross-origin\" allowfullscreen><\/iframe><\/p>\n<div class=\"media-content\">\n<h3 class=\"mbr-section-subtitle align-left mbr-white mbr-light pb-3 mbr-fonts-style display-5\"><strong> Aplicaciones <\/strong><\/h3>\n<div class=\"mbr-section-text mbr-white pb-3 \">\n<p class=\"mbr-text mbr-fonts-style display-7\">&#8211; Mortero tradicional y premezclado<br \/>\n&#8211; Mortero fluido, revoque premezclado, aislante t\u00e9rmico, renovaci\u00f3n de hormig\u00f3n, encofrado<br \/>\n&#8211; Revoque alisado, estuco y revoque de acabado<br \/>\n&#8211; Material ligero y sub-base autonivelante<br \/>\n&#8211; Inyecci\u00f3n de lechada de cemento a presi\u00f3n controlada<br \/>\n&#8211; Mortero r\u00e1pido y de elevada resistencia para anclajes y sellados de juntas\/grietas<br \/>\n&#8211; Llenado de juntas\/ranuras<br \/>\n&#8211; Slab jacking<br \/>\n&#8211; Material ign\u00edfugo<br \/>\n&#8211; y mucho m\u00e1s&#8230;<br \/>\nVentajas<br \/>\n&#8211; Carrocer\u00eda liviana y esencial que facilitan su uso<br \/>\n&#8211; Sencilla limpieza y mantenimiento gracias a la grande compuerta de salida del material y a un s\u00f3lo punto de engrase<br \/>\n&#8211; Mandos simples de f\u00e1cil acceso<br \/>\n&#8211; Tolva de 120 l con agitador y rejilla de seguridad para obtener mezclas homog\u00e9neas<br \/>\n&#8211; Puede adaptarse a diferentes grupos de bombeo, tuber\u00edas y pistolas para trabajar mezclas de diferentes granulometr\u00edas y realizar cualquier trabajo espec\u00edfico en la construcci\u00f3n<\/p>\n<\/div>\n<\/div>\n","protected":false},"excerpt":{"rendered":"<p><a href=\"https:\/\/www.turbosol.com.ar\/web\/revoques\/\" target=\"_blank\" rel=\"noopener noreferrer\"><img loading=\"lazy\" decoding=\"async\" class=\"alignnone wp-image-259 size-full\" src=\"https:\/\/www.turbosol.com.ar\/web\/wp-content\/uploads\/2019\/06\/boton-solicitud.png\" alt=\"\" width=\"200\" height=\"50\" \/><\/a><\/p>\n<p><a href=\"http:\/\/turbosol.com\/public\/SPA\/POLIT-2016Novembre-SPA-LR.pdf\" target=\"_blank\" rel=\"noopener noreferrer\"><strong>VER FOLLETO<\/strong><\/a><\/p>\n","protected":false},"featured_media":2751,"comment_status":"open","ping_status":"closed","template":"","meta":[],"product_brand":[],"product_cat":[18,16],"product_tag":[],"class_list":{"0":"post-280","1":"product","2":"type-product","3":"status-publish","4":"has-post-thumbnail","6":"product_cat-revoques-tradicionales-y-premezclados","7":"product_cat-revoques-tradiciones-y-especiales","9":"first","10":"instock","11":"shipping-taxable","12":"product-type-simple"},"_links":{"self":[{"href":"https:\/\/www.turbosol.com.ar\/web\/wp-json\/wp\/v2\/product\/280","targetHints":{"allow":["GET"]}}],"collection":[{"href":"https:\/\/www.turbosol.com.ar\/web\/wp-json\/wp\/v2\/product"}],"about":[{"href":"https:\/\/www.turbosol.com.ar\/web\/wp-json\/wp\/v2\/types\/product"}],"replies":[{"embeddable":true,"href":"https:\/\/www.turbosol.com.ar\/web\/wp-json\/wp\/v2\/comments?post=280"}],"wp:featuredmedia":[{"embeddable":true,"href":"https:\/\/www.turbosol.com.ar\/web\/wp-json\/wp\/v2\/media\/2751"}],"wp:attachment":[{"href":"https:\/\/www.turbosol.com.ar\/web\/wp-json\/wp\/v2\/media?parent=280"}],"wp:term":[{"taxonomy":"product_brand","embeddable":true,"href":"https:\/\/www.turbosol.com.ar\/web\/wp-json\/wp\/v2\/product_brand?post=280"},{"taxonomy":"product_cat","embeddable":true,"href":"https:\/\/www.turbosol.com.ar\/web\/wp-json\/wp\/v2\/product_cat?post=280"},{"taxonomy":"product_tag","embeddable":true,"href":"https:\/\/www.turbosol.com.ar\/web\/wp-json\/wp\/v2\/product_tag?post=280"}],"curies":[{"name":"wp","href":"https:\/\/api.w.org\/{rel}","templated":true}]}}