{"id":278,"date":"2019-07-13T19:24:42","date_gmt":"2019-07-13T22:24:42","guid":{"rendered":"https:\/\/www.turbosol.com.ar\/web\/?post_type=product&#038;p=278"},"modified":"2024-06-26T00:10:26","modified_gmt":"2024-06-26T03:10:26","slug":"mini-avant-copia","status":"publish","type":"product","link":"https:\/\/www.turbosol.com.ar\/web\/product\/mini-avant-copia\/","title":{"rendered":"UNI 30 ES (Bomba a Pist\u00f3n)"},"content":{"rendered":"<p><strong>Bomba monocil\u00edndrica para aplicar morteros comunes, estructurales y especiales.<\/strong><\/p>\n<p>UNI 30 es la m\u00e1s potente entre las bombas de pist\u00f3n con v\u00e1lvulas esf\u00e9ricas a gravedad que se encuentran en el mercado. Ampliamente probada en cualquier situaci\u00f3n de trabajo, gracias a sus caracter\u00edsticas de resistencia y fiabilidad, UNI 30 puede realizar casi todos los<br \/>\ntrabajos necesarios para la construcci\u00f3n civil e industrial. Puede trabajar tambi\u00e9n con mezclas de 8\/10 mm de granulometr\u00eda. UNI 30 es la bomba Turbosol que hizo historia: m\u00e1s de 10.000 unidades vendidas en todo el mundo. Disponible tambi\u00e9n con mezcladora de eje horizontal (versi\u00f3n MF).<\/p>\n<p><iframe loading=\"lazy\" title=\"UNI 30\" width=\"1020\" height=\"574\" src=\"https:\/\/www.youtube.com\/embed\/9BZq97-bD0s?feature=oembed\" frameborder=\"0\" allow=\"accelerometer; autoplay; clipboard-write; encrypted-media; gyroscope; picture-in-picture; web-share\" referrerpolicy=\"strict-origin-when-cross-origin\" allowfullscreen><\/iframe><\/p>\n<div class=\"media-content\">\n<h3 class=\"mbr-section-subtitle align-left mbr-white mbr-light pb-3 mbr-fonts-style display-5\"><strong>Aplicaciones<\/strong><\/h3>\n<div class=\"mbr-section-text mbr-white pb-3 \">\n<p class=\"mbr-text mbr-fonts-style display-7\">&#8211; Proyecci\u00f3n de morteros tradicionales y diferentes tipos de morteros premezclados<br \/>\n&#8211; Aplicaci\u00f3n de revoques<br \/>\n&#8211; Bombeo de morteros comunes y premezclados, solados autonivelantes, micro-hormig\u00f3n y lechadas de cemento<br \/>\n&#8211; Inyecci\u00f3n y estabilizaci\u00f3n<br \/>\n&#8211; Proyecci\u00f3n sobre paneles 3D<br \/>\n&#8211; Reparaciones estructurales<br \/>\n&#8211; Consolidaci\u00f3n de estructuras y terrenos<br \/>\n&#8211; Gunitado<br \/>\n<strong>Indestructible <\/strong><br \/>\n&#8211; Gracias a las piezas de alta calidad que la componen y a la l\u00f3gica constructiva, UNI 30 se distingue por su larga vida \u00fatil, su precio competitivo y su valor comercial que se mantiene en el tiempo<br \/>\n&#8211; Con UNI 30 se pueden proyectar hasta 40.000 mq de revoque con un s\u00f3lo pist\u00f3n<\/p>\n<\/div>\n<\/div>\n","protected":false},"excerpt":{"rendered":"<p><a href=\"https:\/\/www.turbosol.com.ar\/web\/revoques\/\" target=\"_blank\" rel=\"noopener noreferrer\"><img loading=\"lazy\" decoding=\"async\" class=\"alignnone wp-image-259 size-full\" src=\"https:\/\/www.turbosol.com.ar\/web\/wp-content\/uploads\/2019\/06\/boton-solicitud.png\" alt=\"\" width=\"200\" height=\"50\" \/><\/a><\/p>\n<p><a href=\"http:\/\/turbosol.com\/public\/SPA\/UNI%2030%202016NOVEMBRE-SPA-LR.pdf\" target=\"_blank\" rel=\"noopener noreferrer\"><strong>VER FOLLETO<\/strong><\/a><\/p>\n","protected":false},"featured_media":2752,"comment_status":"open","ping_status":"closed","template":"","meta":[],"product_brand":[],"product_cat":[16],"product_tag":[],"class_list":{"0":"post-278","1":"product","2":"type-product","3":"status-publish","4":"has-post-thumbnail","6":"product_cat-revoques-tradiciones-y-especiales","8":"first","9":"instock","10":"shipping-taxable","11":"product-type-simple"},"_links":{"self":[{"href":"https:\/\/www.turbosol.com.ar\/web\/wp-json\/wp\/v2\/product\/278","targetHints":{"allow":["GET"]}}],"collection":[{"href":"https:\/\/www.turbosol.com.ar\/web\/wp-json\/wp\/v2\/product"}],"about":[{"href":"https:\/\/www.turbosol.com.ar\/web\/wp-json\/wp\/v2\/types\/product"}],"replies":[{"embeddable":true,"href":"https:\/\/www.turbosol.com.ar\/web\/wp-json\/wp\/v2\/comments?post=278"}],"wp:featuredmedia":[{"embeddable":true,"href":"https:\/\/www.turbosol.com.ar\/web\/wp-json\/wp\/v2\/media\/2752"}],"wp:attachment":[{"href":"https:\/\/www.turbosol.com.ar\/web\/wp-json\/wp\/v2\/media?parent=278"}],"wp:term":[{"taxonomy":"product_brand","embeddable":true,"href":"https:\/\/www.turbosol.com.ar\/web\/wp-json\/wp\/v2\/product_brand?post=278"},{"taxonomy":"product_cat","embeddable":true,"href":"https:\/\/www.turbosol.com.ar\/web\/wp-json\/wp\/v2\/product_cat?post=278"},{"taxonomy":"product_tag","embeddable":true,"href":"https:\/\/www.turbosol.com.ar\/web\/wp-json\/wp\/v2\/product_tag?post=278"}],"curies":[{"name":"wp","href":"https:\/\/api.w.org\/{rel}","templated":true}]}}