{"id":2757,"date":"2024-05-28T16:09:40","date_gmt":"2024-05-28T19:09:40","guid":{"rendered":"https:\/\/www.turbosol.com.ar\/web\/?post_type=product&#038;p=2757"},"modified":"2025-04-11T16:20:11","modified_gmt":"2025-04-11T19:20:11","slug":"hormigonera-hr-400","status":"publish","type":"product","link":"https:\/\/www.turbosol.com.ar\/web\/product\/hormigonera-hr-400\/","title":{"rendered":"HORMIGONERA HR 400"},"content":{"rendered":"<p>Completa con motor el\u00e9ctrico trif\u00e1sico de 2 HP.<br \/>\nDados T\u00e9cnicos<br \/>\nVolumen Total 400 l<br \/>\nCapacidad de Mezcla 310 l<br \/>\nRendimiento Final de la Mezcla 270 l<br \/>\nCantidad M\u00e1xima de Ciclos\/Hora 15<br \/>\nProducci\u00f3n Ideal Horaria (m\u00b3\/h) 4,65<br \/>\nVueltas del Trompo 30 RPM<br \/>\nChapa Trompo 2 mm<br \/>\nRuedas de pl\u00e1stico<br \/>\nCaja de Protecci\u00f3n para Motor El\u00e9ctrico<br \/>\nPeso con Motor 160 kg<br \/>\nMedidas alto 1,50 m ancho 0,90 m largo 1,50 m<\/p>\n","protected":false},"excerpt":{"rendered":"<p>Completa con motor el\u00e9ctrico trif\u00e1sico de 2 HP. Dados T\u00e9cnicos Volumen Total 400 l Capacidad de Mezcla 310 l Rendimiento Final de la Mezcla 270 l Cantidad M\u00e1xima de Ciclos\/Hora 15 Producci\u00f3n Ideal Horaria (m\u00b3\/h) 4,65 Vueltas del Trompo 30 RPM Chapa Trompo 2 mm Ruedas de pl\u00e1stico Caja de Protecci\u00f3n para Motor El\u00e9ctrico Peso [&#8230;]\n","protected":false},"featured_media":2758,"comment_status":"open","ping_status":"closed","template":"","meta":[],"product_brand":[],"product_cat":[19,23,20],"product_tag":[],"class_list":{"0":"post-2757","1":"product","2":"type-product","3":"status-publish","4":"has-post-thumbnail","6":"product_cat-contrapisos","7":"product_cat-equipos-para-0bra","8":"product_cat-hormigon","10":"first","11":"instock","12":"shipping-taxable","13":"product-type-simple"},"_links":{"self":[{"href":"https:\/\/www.turbosol.com.ar\/web\/wp-json\/wp\/v2\/product\/2757","targetHints":{"allow":["GET"]}}],"collection":[{"href":"https:\/\/www.turbosol.com.ar\/web\/wp-json\/wp\/v2\/product"}],"about":[{"href":"https:\/\/www.turbosol.com.ar\/web\/wp-json\/wp\/v2\/types\/product"}],"replies":[{"embeddable":true,"href":"https:\/\/www.turbosol.com.ar\/web\/wp-json\/wp\/v2\/comments?post=2757"}],"wp:featuredmedia":[{"embeddable":true,"href":"https:\/\/www.turbosol.com.ar\/web\/wp-json\/wp\/v2\/media\/2758"}],"wp:attachment":[{"href":"https:\/\/www.turbosol.com.ar\/web\/wp-json\/wp\/v2\/media?parent=2757"}],"wp:term":[{"taxonomy":"product_brand","embeddable":true,"href":"https:\/\/www.turbosol.com.ar\/web\/wp-json\/wp\/v2\/product_brand?post=2757"},{"taxonomy":"product_cat","embeddable":true,"href":"https:\/\/www.turbosol.com.ar\/web\/wp-json\/wp\/v2\/product_cat?post=2757"},{"taxonomy":"product_tag","embeddable":true,"href":"https:\/\/www.turbosol.com.ar\/web\/wp-json\/wp\/v2\/product_tag?post=2757"}],"curies":[{"name":"wp","href":"https:\/\/api.w.org\/{rel}","templated":true}]}}