{"id":233,"date":"2019-06-24T15:26:39","date_gmt":"2019-06-24T18:26:39","guid":{"rendered":"https:\/\/www.turbosol.com.ar\/web\/?post_type=product&#038;p=233"},"modified":"2026-04-13T17:27:21","modified_gmt":"2026-04-13T20:27:21","slug":"transmat-27-45","status":"publish","type":"product","link":"https:\/\/www.turbosol.com.ar\/web\/product\/transmat-27-45\/","title":{"rendered":"TRANSMAT 27.45"},"content":{"rendered":"<p><strong>Mezcladora y transportadora de grandes cantidades de material para solados de pavimentos<br \/>\n<\/strong><br \/>\nTransmat 27.45 es una m\u00e1quina f\u00e1cil de usar, de bajo mantenimiento y con \u00f3ptimas prestaciones para solados, materiales aislantes, morteros, hormigones e inertes. Est\u00e1 equipada con motor diesel de 4 cilindros enfriado por l\u00edquido y dispone de compresor incorporado. Disponible en versi\u00f3n base para carga manual (versi\u00f3n DC), con cucharada de carga (versi\u00f3n DCB) y con cuchara de carga y pala rascadora (versi\u00f3n DCBP). Versi\u00f3n con remolque para carretera (bajo pedido).<\/p>\n<p><strong>Aplicaciones <\/strong><br \/>\n&#8211; Morteros semisecos<br \/>\n&#8211; Mezclas pobres de cemento y agua<br \/>\n&#8211; Solados aislantes a base de arcilla expandida, poliestireno, perlita, vermiculita, corcho, etc.<br \/>\n&#8211; Arena lavada, gravilla, etc.<br \/>\n&#8211; Morteros y hormig\u00f3n de hasta 30 mm di granulometr\u00eda<\/p>\n<p><strong>Ventajas t\u00e9cnicas<\/strong><br \/>\n&#8211; Ciclo autom\u00e1tico de bombeo: al t\u00e9rmino del ciclo el flujo de aire se detiene autom\u00e1ticamente poniendo al m\u00ednimo el motor y de esta manera garantizando un bajo consumo de combustible, reduciendo el desgaste de los componentes pero sin perjudicar la calidad de la mezcla durante todo el ciclo de bombeo<br \/>\n&#8211; Detenci\u00f3n autom\u00e1tica de la mezcladora a la apertura de la rejilla de seguridad de la tolva<br \/>\n&#8211; Mezclador autom\u00e1tico con 2 velocidades<\/p>\n<h3><strong>Precio: <\/strong><strong><span class=\"st\">\u20ac 73000.-<\/span><\/strong><\/h3>\n<p>&nbsp;<\/p>\n<p><iframe loading=\"lazy\" title=\"Transmat 27.45 for mixing and pumping screeds\" width=\"1020\" height=\"574\" src=\"https:\/\/www.youtube.com\/embed\/kJSQvwRqZko?feature=oembed\" frameborder=\"0\" allow=\"accelerometer; autoplay; encrypted-media; gyroscope; picture-in-picture\" allowfullscreen><\/iframe><\/p>\n<p>&nbsp;<\/p>\n","protected":false},"excerpt":{"rendered":"<p><a href=\"https:\/\/www.turbosol.com.ar\/web\/solicitud-de-informacion-personalizada\/\" target=\"_blank\" rel=\"noopener noreferrer\"><img loading=\"lazy\" decoding=\"async\" class=\"alignnone wp-image-259 size-full\" src=\"https:\/\/www.turbosol.com.ar\/web\/wp-content\/uploads\/2019\/06\/boton-solicitud.png\" alt=\"\" width=\"200\" height=\"50\" \/><\/a><\/p>\n<p><a href=\"http:\/\/turbosol.com\/public\/SPA\/TM%202745%202017Marzo-SPA-LW.pdf\" target=\"_blank\" rel=\"noopener noreferrer\"><strong>VER FOLLETO<\/strong><\/a><\/p>\n","protected":false},"featured_media":243,"comment_status":"open","ping_status":"closed","template":"","meta":[],"product_brand":[],"product_cat":[19,20],"product_tag":[],"class_list":{"0":"post-233","1":"product","2":"type-product","3":"status-publish","4":"has-post-thumbnail","6":"product_cat-contrapisos","7":"product_cat-hormigon","9":"first","10":"instock","11":"shipping-taxable","12":"product-type-simple"},"_links":{"self":[{"href":"https:\/\/www.turbosol.com.ar\/web\/wp-json\/wp\/v2\/product\/233","targetHints":{"allow":["GET"]}}],"collection":[{"href":"https:\/\/www.turbosol.com.ar\/web\/wp-json\/wp\/v2\/product"}],"about":[{"href":"https:\/\/www.turbosol.com.ar\/web\/wp-json\/wp\/v2\/types\/product"}],"replies":[{"embeddable":true,"href":"https:\/\/www.turbosol.com.ar\/web\/wp-json\/wp\/v2\/comments?post=233"}],"wp:featuredmedia":[{"embeddable":true,"href":"https:\/\/www.turbosol.com.ar\/web\/wp-json\/wp\/v2\/media\/243"}],"wp:attachment":[{"href":"https:\/\/www.turbosol.com.ar\/web\/wp-json\/wp\/v2\/media?parent=233"}],"wp:term":[{"taxonomy":"product_brand","embeddable":true,"href":"https:\/\/www.turbosol.com.ar\/web\/wp-json\/wp\/v2\/product_brand?post=233"},{"taxonomy":"product_cat","embeddable":true,"href":"https:\/\/www.turbosol.com.ar\/web\/wp-json\/wp\/v2\/product_cat?post=233"},{"taxonomy":"product_tag","embeddable":true,"href":"https:\/\/www.turbosol.com.ar\/web\/wp-json\/wp\/v2\/product_tag?post=233"}],"curies":[{"name":"wp","href":"https:\/\/api.w.org\/{rel}","templated":true}]}}