{"id":227,"date":"2019-06-24T14:18:39","date_gmt":"2019-06-24T17:18:39","guid":{"rendered":"https:\/\/www.turbosol.com.ar\/web\/?post_type=product&#038;p=227"},"modified":"2025-06-21T10:46:16","modified_gmt":"2025-06-21T13:46:16","slug":"transmat-250","status":"publish","type":"product","link":"https:\/\/www.turbosol.com.ar\/web\/product\/transmat-250\/","title":{"rendered":"TRANSMAT 250"},"content":{"rendered":"<p><strong>Mezcladora y transportadora de solados, morteros y hormigones<\/strong><\/p>\n<p>Transmat 250 es una mezcladora y transportadora de solados de pavimentos con motor el\u00e9ctrico trif\u00e1sico. Disponible en 3 versiones: versi\u00f3n E con tolva capiente para facilitar la carga manual del tanque a presi\u00f3n, versi\u00f3n EB con cuchara de carga de 270 litros con elevaci\u00f3n hidr\u00e1ulica y versi\u00f3n EBP con cuchara de carga e pala rascadora con cabrestante de arrastre. Funciona con el aire suministrado por un compresor de obra separado (con de al menos 2.400 l\/min de aire a 6 bar).<\/p>\n<p><strong>Applicaciones<\/strong><br \/>\n&#8211; Mezclas pobres de agua y cemento<br \/>\n&#8211; Solados aislantes a base de arcilla expandida, poliestireno, perlita, vermiculita, corcho, etc.<br \/>\n&#8211; Arena lavada, gravilla, etc.<br \/>\n&#8211; Morteros y hormig\u00f3n de hasta 30 mm di granulometr\u00eda<\/p>\n<p><strong>Ventajas t\u00e9cnicas<\/strong><br \/>\n&#8211; El estudio de los perfiles y la inclinaci\u00f3n de las palas mezcladoras garantizan m\u00e1ximo rendimiento y mezclas \u00f3ptimas y homog\u00e9neas<br \/>\n&#8211; Mezclas de calidad, seguridad en el uso y \u00f3ptimas prestaciones que la convierten en el punto de referencia para los profesionales del solado<br \/>\n&#8211; Las caracter\u00edsticas especiales de proyectaci\u00f3n adoptadas para la distribuci\u00f3n de la potencia en el ciclo de trabajo permiten la obtenci\u00f3n de altos rendimientos con solo 5.5 kW<\/p>\n<p>&nbsp;<\/p>\n<p><iframe loading=\"lazy\" title=\"Transmat 250 EBP for screeding\" width=\"1020\" height=\"574\" src=\"https:\/\/www.youtube.com\/embed\/hMFCm9lcIOQ?start=5&#038;feature=oembed\" frameborder=\"0\" allow=\"accelerometer; autoplay; clipboard-write; encrypted-media; gyroscope; picture-in-picture\" allowfullscreen><\/iframe><\/p>\n<p>&nbsp;<\/p>\n","protected":false},"excerpt":{"rendered":"<p><a href=\"https:\/\/www.turbosol.com.ar\/web\/solicitud-de-informacion-personalizada\/\" target=\"_blank\" rel=\"noopener noreferrer\"><img loading=\"lazy\" decoding=\"async\" class=\"alignnone wp-image-259 size-full\" src=\"https:\/\/www.turbosol.com.ar\/web\/wp-content\/uploads\/2019\/06\/boton-solicitud.png\" alt=\"\" width=\"200\" height=\"50\" \/><\/a><br \/>\n<strong><a href=\"http:\/\/turbosol.com\/public\/SPA\/TM%20250-2016Novembre%20SPA-LW.pdf\" target=\"_blank\" rel=\"noopener noreferrer\">VER FOLLETO<\/a><\/strong><\/p>\n","protected":false},"featured_media":244,"comment_status":"open","ping_status":"closed","template":"","meta":[],"product_brand":[],"product_cat":[19,20],"product_tag":[],"class_list":{"0":"post-227","1":"product","2":"type-product","3":"status-publish","4":"has-post-thumbnail","6":"product_cat-contrapisos","7":"product_cat-hormigon","9":"first","10":"instock","11":"shipping-taxable","12":"product-type-simple"},"_links":{"self":[{"href":"https:\/\/www.turbosol.com.ar\/web\/wp-json\/wp\/v2\/product\/227","targetHints":{"allow":["GET"]}}],"collection":[{"href":"https:\/\/www.turbosol.com.ar\/web\/wp-json\/wp\/v2\/product"}],"about":[{"href":"https:\/\/www.turbosol.com.ar\/web\/wp-json\/wp\/v2\/types\/product"}],"replies":[{"embeddable":true,"href":"https:\/\/www.turbosol.com.ar\/web\/wp-json\/wp\/v2\/comments?post=227"}],"wp:featuredmedia":[{"embeddable":true,"href":"https:\/\/www.turbosol.com.ar\/web\/wp-json\/wp\/v2\/media\/244"}],"wp:attachment":[{"href":"https:\/\/www.turbosol.com.ar\/web\/wp-json\/wp\/v2\/media?parent=227"}],"wp:term":[{"taxonomy":"product_brand","embeddable":true,"href":"https:\/\/www.turbosol.com.ar\/web\/wp-json\/wp\/v2\/product_brand?post=227"},{"taxonomy":"product_cat","embeddable":true,"href":"https:\/\/www.turbosol.com.ar\/web\/wp-json\/wp\/v2\/product_cat?post=227"},{"taxonomy":"product_tag","embeddable":true,"href":"https:\/\/www.turbosol.com.ar\/web\/wp-json\/wp\/v2\/product_tag?post=227"}],"curies":[{"name":"wp","href":"https:\/\/api.w.org\/{rel}","templated":true}]}}