{"id":19,"date":"2016-08-09T14:23:35","date_gmt":"2016-08-09T14:23:35","guid":{"rendered":"http:\/\/flatsome.dev\/?page_id=8550"},"modified":"2025-07-17T09:47:15","modified_gmt":"2025-07-17T12:47:15","slug":"slider-cover","status":"publish","type":"page","link":"https:\/\/www.turbosol.com.ar\/web\/","title":{"rendered":"HOME"},"content":{"rendered":"<div class=\"slider-wrapper relative \" id=\"slider-1521600528\" style=\"background-color:rgb(0, 0, 0);\">\n    <div class=\"slider slider-nav-circle slider-nav-large slider-nav-light slider-style-normal\"\n        data-flickity-options='{\n            \"cellAlign\": \"center\",\n            \"imagesLoaded\": true,\n            \"lazyLoad\": 1,\n            \"freeScroll\": false,\n            \"wrapAround\": true,\n            \"autoPlay\": 6000,\n            \"pauseAutoPlayOnHover\" : true,\n            \"prevNextButtons\": true,\n            \"contain\" : true,\n            \"adaptiveHeight\" : true,\n            \"dragThreshold\" : 10,\n            \"percentPosition\": true,\n            \"pageDots\": true,\n            \"rightToLeft\": false,\n            \"draggable\": true,\n            \"selectedAttraction\": 0.1,\n            \"parallax\" : 0,\n            \"friction\": 0.6        }'\n        >\n        \n\n  <div class=\"banner has-hover is-full-height has-slide-effect slide-zoom-in\" id=\"banner-1635327725\">\n          <div class=\"banner-inner fill\">\n        <div class=\"banner-bg fill\" >\n            <div class=\"bg fill bg-fill \"><\/div>\n                        <div class=\"overlay\"><\/div>            \n                    <\/div><!-- bg-layers -->\n        <div class=\"banner-layers container\">\n            <div class=\"fill banner-link\"><\/div>            \n   <div id=\"text-box-1152116985\" class=\"text-box banner-layer x50 md-x50 lg-x50 y50 md-y50 lg-y50 res-text\">\n              <div data-parallax=\"2\" data-parallax-fade=\"true\">       <div data-animate=\"fadeInUp\">           <div class=\"text dark\">\n              \n              <div class=\"text-inner text-center\">\n                  \n<h1 class=\"mbr-section-title mbr-bold pb-3 mbr-fonts-style display-1\">Maquinarias para la Construcci\u00f3n<\/h1>\n<p class=\"lead\">Grandes prestaciones en las obras m\u00e1s dif\u00edciles, amplia red de asistencia en todo el pais.<\/p>\n\t<div class=\"img has-hover x md-x lg-x y md-y lg-y\" id=\"image_1820518311\">\n\t\t<a class=\"\" href=\"https:\/\/api.whatsapp.com\/send\/?phone=5491144715938&amp;text&amp;type=phone_number&amp;app_absent=0\" target=\"_blank\" rel=\"noopener noreferrer\" >\t\t\t\t\t\t<div class=\"img-inner dark\" >\n\t\t\t<img loading=\"lazy\" decoding=\"async\" width=\"150\" height=\"150\" src=\"https:\/\/www.turbosol.com.ar\/web\/wp-content\/uploads\/2020\/09\/whats.png\" class=\"attachment-large size-large\" alt=\"\" srcset=\"https:\/\/www.turbosol.com.ar\/web\/wp-content\/uploads\/2020\/09\/whats.png 150w, https:\/\/www.turbosol.com.ar\/web\/wp-content\/uploads\/2020\/09\/whats-100x100.png 100w\" sizes=\"auto, (max-width: 150px) 100vw, 150px\" \/>\t\t\t\t\t\t\n\t\t\t\t\t<\/div>\n\t\t\t\t\t\t<\/a>\t\t\n<style scope=\"scope\">\n\n#image_1820518311 {\n  width: 9%;\n}\n<\/style>\n\t<\/div>\n\t\n<a href=\"https:\/\/api.whatsapp.com\/send\/?phone=5491144715938&#038;text&#038;type=phone_number&#038;app_absent=0\" target=\"_self\" class=\"button white is-outline\"  >\n    <span>consultas<\/span>\n  <\/a>\n\n              <\/div>\n           <\/div><!-- text-box-inner -->\n       <\/div>       <\/div>              \n<style scope=\"scope\">\n\n#text-box-1152116985 {\n  width: 100%;\n}\n#text-box-1152116985 .text {\n  font-size: 100%;\n}\n\n\n@media (min-width:550px) {\n\n  #text-box-1152116985 {\n    width: 58%;\n  }\n\n}\n<\/style>\n    <\/div><!-- text-box -->\n \n        <\/div><!-- .banner-layers -->\n      <\/div><!-- .banner-inner -->\n\n            \n<style scope=\"scope\">\n\n#banner-1635327725 {\n  padding-top: 100%;\n  background-color: rgb(35, 35, 35);\n}\n#banner-1635327725 .bg.bg-loaded {\n  background-image: url(https:\/\/www.turbosol.com.ar\/web\/wp-content\/uploads\/2019\/06\/contruccion-2-1600x950.jpg);\n}\n#banner-1635327725 .overlay {\n  background-color: rgba(0, 0, 0, 0.17);\n}\n#banner-1635327725 .bg {\n  background-position: 44% 34%;\n}\n<\/style>\n  <\/div><!-- .banner -->\n\n\n     <\/div>\n\n     <div class=\"loading-spin dark large centered\"><\/div>\n\n     <style scope=\"scope\">\n             <\/style>\n<\/div><!-- .ux-slider-wrapper -->\n\n\n<div class=\"row\"  id=\"row-1288023629\">\n<div class=\"col small-12 large-12\"  ><div class=\"col-inner\"  >\n<div class=\"container section-title-container\" ><h1 class=\"section-title section-title-center\"><b><\/b><span class=\"section-title-main\" >DESTACADOS<\/span><b><\/b><\/h1><\/div><!-- .section-title -->\n<\/div><\/div>\n<\/div>\n<div class=\"row\"  id=\"row-1357871811\">\n<div class=\"col medium-3 small-6 large-3\"  ><div class=\"col-inner\"  >\n\t<div class=\"box has-hover has-hover box-text-bottom\" >\n\n\t\t<div class=\"box-image\" >\n\t\t\t\t\t\t<div class=\"\" >\n\t\t\t\t<img loading=\"lazy\" decoding=\"async\" width=\"500\" height=\"334\" src=\"https:\/\/www.turbosol.com.ar\/web\/wp-content\/uploads\/2019\/06\/miniavant-1-500x334.jpg\" class=\"attachment- size-\" alt=\"\" \/>\t\t\t\t\t\t\t\t\t\t\t<\/div>\n\t\t\t\t\t<\/div><!-- box-image -->\n\n\t\t<div class=\"box-text text-center\" >\n\t\t\t<div class=\"box-text-inner\">\n\t\t\t\t\n<p>&nbsp;<\/p>\n<h4 class=\"card-title pb-3 mbr-fonts-style display-5\">MINI AVANT<\/h4>\n<p>Ideal para bombear, transportar, inyectar y aplicar morteros comunes, premezclados y especiales. Gracias a una exclusiva concepci\u00f3n t\u00e9cnica patentada,&#8230;<\/p>\n<a href=\"https:\/\/www.turbosol.com.ar\/web\/product\/mini-avant\/\" target=\"_self\" class=\"button white is-outline lowercase\"  >\n    <span>Ver M\u00e1s<\/span>\n  <\/a>\n\n\t\t\t<\/div><!-- box-text-inner -->\n\t\t<\/div><!-- box-text -->\n\t<\/div><!-- .box  -->\n\t\n<\/div><\/div>\n<div class=\"col medium-3 small-6 large-3\"  ><div class=\"col-inner\"  >\n\t<div class=\"box has-hover has-hover box-text-bottom\" >\n\n\t\t<div class=\"box-image\" >\n\t\t\t\t\t\t<div class=\"\" >\n\t\t\t\t<img loading=\"lazy\" decoding=\"async\" width=\"500\" height=\"334\" src=\"https:\/\/www.turbosol.com.ar\/web\/wp-content\/uploads\/2019\/06\/guiotto.jpg\" class=\"attachment- size-\" alt=\"\" \/>\t\t\t\t\t\t\t\t\t\t\t<\/div>\n\t\t\t\t\t<\/div><!-- box-image -->\n\n\t\t<div class=\"box-text text-center\" >\n\t\t\t<div class=\"box-text-inner\">\n\t\t\t\t\n<p>&nbsp;<\/p>\n<h4 class=\"card-title pb-3 mbr-fonts-style display-5\">GIOTTO<\/h4>\n<p>Es una revocadora el\u00e9ctrica trif\u00e1sica ideal para dosar, mezclar, bombear y proyectar revoques premezclados en saco o directamento desde el silo&#8230;<\/p>\n<a href=\"https:\/\/www.turbosol.com.ar\/web\/product\/giotto\/\" target=\"_self\" class=\"button white is-outline lowercase\"  >\n    <span>Ver M\u00e1s<\/span>\n  <\/a>\n\n\t\t\t<\/div><!-- box-text-inner -->\n\t\t<\/div><!-- box-text -->\n\t<\/div><!-- .box  -->\n\t\n<\/div><\/div>\n<div class=\"col medium-3 small-6 large-3\"  ><div class=\"col-inner\"  >\n\t<div class=\"box has-hover has-hover box-text-bottom\" >\n\n\t\t<div class=\"box-image\" >\n\t\t\t\t\t\t<div class=\"\" >\n\t\t\t\t<img loading=\"lazy\" decoding=\"async\" width=\"682\" height=\"471\" src=\"https:\/\/www.turbosol.com.ar\/web\/wp-content\/uploads\/2019\/06\/transmat27-682x471.jpg\" class=\"attachment- size-\" alt=\"\" srcset=\"https:\/\/www.turbosol.com.ar\/web\/wp-content\/uploads\/2019\/06\/transmat27-682x471.jpg 682w, https:\/\/www.turbosol.com.ar\/web\/wp-content\/uploads\/2019\/06\/transmat27-682x471-579x400.jpg 579w, https:\/\/www.turbosol.com.ar\/web\/wp-content\/uploads\/2019\/06\/transmat27-682x471-600x414.jpg 600w\" sizes=\"auto, (max-width: 682px) 100vw, 682px\" \/>\t\t\t\t\t\t\t\t\t\t\t<\/div>\n\t\t\t\t\t<\/div><!-- box-image -->\n\n\t\t<div class=\"box-text text-center\" >\n\t\t\t<div class=\"box-text-inner\">\n\t\t\t\t\n<p>&nbsp;<\/p>\n<h4 class=\"card-title pb-3 mbr-fonts-style display-5\">TRANSMAT 27.45<\/h4>\n<p>Es una m\u00e1quina f\u00e1cil de usar, de bajo mantenimiento y con \u00f3ptimas prestaciones para solados, materiales aislantes, &#8230;<\/p>\n<a href=\"https:\/\/www.turbosol.com.ar\/web\/product\/transmat-27-45\/\" target=\"_self\" class=\"button white is-outline lowercase\"  >\n    <span>Ver M\u00e1s<\/span>\n  <\/a>\n\n\t\t\t<\/div><!-- box-text-inner -->\n\t\t<\/div><!-- box-text -->\n\t<\/div><!-- .box  -->\n\t\n<\/div><\/div>\n<div class=\"col medium-3 small-6 large-3\"  ><div class=\"col-inner\"  >\n\t<div class=\"box has-hover has-hover box-text-bottom\" >\n\n\t\t<div class=\"box-image\" >\n\t\t\t\t\t\t<div class=\"\" >\n\t\t\t\t<img loading=\"lazy\" decoding=\"async\" width=\"641\" height=\"459\" src=\"https:\/\/www.turbosol.com.ar\/web\/wp-content\/uploads\/2019\/06\/polit-1-641x459.jpg\" class=\"attachment- size-\" alt=\"\" srcset=\"https:\/\/www.turbosol.com.ar\/web\/wp-content\/uploads\/2019\/06\/polit-1-641x459.jpg 641w, https:\/\/www.turbosol.com.ar\/web\/wp-content\/uploads\/2019\/06\/polit-1-641x459-559x400.jpg 559w, https:\/\/www.turbosol.com.ar\/web\/wp-content\/uploads\/2019\/06\/polit-1-641x459-600x430.jpg 600w\" sizes=\"auto, (max-width: 641px) 100vw, 641px\" \/>\t\t\t\t\t\t\t\t\t\t\t<\/div>\n\t\t\t\t\t<\/div><!-- box-image -->\n\n\t\t<div class=\"box-text text-center\" >\n\t\t\t<div class=\"box-text-inner\">\n\t\t\t\t\n<p>&nbsp;<\/p>\n<h4 class=\"card-title pb-3 mbr-fonts-style display-7\">POLI T<\/h4>\n<p>Es la bomba de tornillo sinf\u00edn que ofrece m\u00e1xima eficacia y flexibilidad ideal para ser equipar con distintos componentes seg\u00fan&#8230;<\/p>\n<a href=\"https:\/\/www.turbosol.com.ar\/web\/product\/poli-t\/\" target=\"_self\" class=\"button white is-outline lowercase\"  >\n    <span>Ver M\u00e1s<\/span>\n  <\/a>\n\n\t\t\t<\/div><!-- box-text-inner -->\n\t\t<\/div><!-- box-text -->\n\t<\/div><!-- .box  -->\n\t\n<\/div><\/div>\n<\/div>\n\n  <div class=\"banner has-hover\" id=\"banner-820601891\">\n          <div class=\"banner-inner fill\">\n        <div class=\"banner-bg fill\" >\n            <div class=\"bg fill bg-fill \"><\/div>\n                        <div class=\"overlay\"><\/div>            \n                    <\/div><!-- bg-layers -->\n        <div class=\"banner-layers container\">\n            <div class=\"fill banner-link\"><\/div>            \n   <div id=\"text-box-880515749\" class=\"text-box banner-layer x50 md-x50 lg-x50 y50 md-y50 lg-y50 res-text\">\n                                <div class=\"text box-shadow-3 dark\">\n              \n              <div class=\"text-inner text-center\">\n                  \n<h3 style=\"text-align: center;\">Equipo para H\u00f3rmigon Celular<\/h3>\n<p style=\"text-align: center;\">Equipo completo para elaborar y bombear cemento celular y hormiguones livianos&#8230;<\/p>\n<a rel=\"noopener noreferrer\" href=\"https:\/\/www.turbosol.com.ar\/web\/wp-content\/uploads\/2020\/03\/RC-Equipos-para-Hormigon-Celular-FINAL.pdf\" target=\"_blank\" class=\"button alert\"  >\n    <span>VER FOLLETO<\/span>\n  <\/a>\n\n              <\/div>\n           <\/div><!-- text-box-inner -->\n                            \n<style scope=\"scope\">\n\n#text-box-880515749 .text {\n  background-color: rgba(0, 0, 0, 0.86);\n  font-size: 100%;\n}\n#text-box-880515749 .text-inner {\n  padding: 30px 30px 30px 30px;\n}\n#text-box-880515749 {\n  width: 60%;\n}\n\n\n@media (min-width:550px) {\n\n  #text-box-880515749 {\n    width: 58%;\n  }\n\n}\n<\/style>\n    <\/div><!-- text-box -->\n \n        <\/div><!-- .banner-layers -->\n      <\/div><!-- .banner-inner -->\n\n            \n<style scope=\"scope\">\n\n#banner-820601891 {\n  padding-top: 300px;\n}\n#banner-820601891 .overlay {\n  background-color: rgb(240, 190, 5);\n}\n<\/style>\n  <\/div><!-- .banner -->\n\n\n<div class=\"row\"  id=\"row-1619275298\">\n<div class=\"col small-12 large-12\"  ><div class=\"col-inner\"  >\n\n  \n    <div class=\"row large-columns-4 medium-columns- small-columns-2 row-full-width slider row-slider slider-nav-simple\"  data-flickity-options='{\"imagesLoaded\": true, \"groupCells\": \"100%\", \"dragThreshold\" : 5, \"cellAlign\": \"left\",\"wrapAround\": true,\"prevNextButtons\": true,\"percentPosition\": true,\"pageDots\": false, \"rightToLeft\": false, \"autoPlay\" : 2000}'>\n\n          <div class=\"gallery-col col\" >\n          <div class=\"col-inner\">\n            <a class=\"image-lightbox lightbox-gallery\" href=\"https:\/\/www.turbosol.com.ar\/web\/wp-content\/uploads\/2020\/04\/4-1.png\" title=\"\">            <div class=\"box has-hover gallery-box box-shade dark\">\n              <div class=\"box-image\" style=\"width:86%;\">\n                <img loading=\"lazy\" decoding=\"async\" width=\"150\" height=\"150\" src=\"https:\/\/www.turbosol.com.ar\/web\/wp-content\/uploads\/2020\/04\/4-1.png\" class=\"attachment-large size-large\" alt=\"\" ids=\"424,423,422,421\" style=\"shade\" type=\"slider\" slider_nav_style=\"simple\" auto_slide=\"2000\" image_width=\"86\" image_size=\"large\" image_overlay=\"rgba(59, 44, 44, 0)\" text_align=\"center\" srcset=\"https:\/\/www.turbosol.com.ar\/web\/wp-content\/uploads\/2020\/04\/4-1.png 150w, https:\/\/www.turbosol.com.ar\/web\/wp-content\/uploads\/2020\/04\/4-1-100x100.png 100w\" sizes=\"auto, (max-width: 150px) 100vw, 150px\" \/>                                  <div class=\"overlay fill\"\n                      style=\"background-color: rgba(59, 44, 44, 0)\">\n                  <\/div>\n                                                  <div class=\"shade\"><\/div>\n                                              <\/div><!-- .image -->\n              <div class=\"box-text text-center\" >\n                 <p><\/p>\n              <\/div><!-- .text -->\n            <\/div><!-- .box -->\n            <\/a>          <\/div><!-- .col-inner -->\n         <\/div><!-- .col -->\n                 <div class=\"gallery-col col\" >\n          <div class=\"col-inner\">\n            <a class=\"image-lightbox lightbox-gallery\" href=\"https:\/\/www.turbosol.com.ar\/web\/wp-content\/uploads\/2020\/04\/3-1.png\" title=\"\">            <div class=\"box has-hover gallery-box box-shade dark\">\n              <div class=\"box-image\" style=\"width:86%;\">\n                <img loading=\"lazy\" decoding=\"async\" width=\"150\" height=\"150\" src=\"https:\/\/www.turbosol.com.ar\/web\/wp-content\/uploads\/2020\/04\/3-1.png\" class=\"attachment-large size-large\" alt=\"\" ids=\"424,423,422,421\" style=\"shade\" type=\"slider\" slider_nav_style=\"simple\" auto_slide=\"2000\" image_width=\"86\" image_size=\"large\" image_overlay=\"rgba(59, 44, 44, 0)\" text_align=\"center\" srcset=\"https:\/\/www.turbosol.com.ar\/web\/wp-content\/uploads\/2020\/04\/3-1.png 150w, https:\/\/www.turbosol.com.ar\/web\/wp-content\/uploads\/2020\/04\/3-1-100x100.png 100w\" sizes=\"auto, (max-width: 150px) 100vw, 150px\" \/>                                  <div class=\"overlay fill\"\n                      style=\"background-color: rgba(59, 44, 44, 0)\">\n                  <\/div>\n                                                  <div class=\"shade\"><\/div>\n                                              <\/div><!-- .image -->\n              <div class=\"box-text text-center\" >\n                 <p><\/p>\n              <\/div><!-- .text -->\n            <\/div><!-- .box -->\n            <\/a>          <\/div><!-- .col-inner -->\n         <\/div><!-- .col -->\n                 <div class=\"gallery-col col\" >\n          <div class=\"col-inner\">\n            <a class=\"image-lightbox lightbox-gallery\" href=\"https:\/\/www.turbosol.com.ar\/web\/wp-content\/uploads\/2020\/04\/2-1.png\" title=\"\">            <div class=\"box has-hover gallery-box box-shade dark\">\n              <div class=\"box-image\" style=\"width:86%;\">\n                <img loading=\"lazy\" decoding=\"async\" width=\"150\" height=\"150\" src=\"https:\/\/www.turbosol.com.ar\/web\/wp-content\/uploads\/2020\/04\/2-1.png\" class=\"attachment-large size-large\" alt=\"\" ids=\"424,423,422,421\" style=\"shade\" type=\"slider\" slider_nav_style=\"simple\" auto_slide=\"2000\" image_width=\"86\" image_size=\"large\" image_overlay=\"rgba(59, 44, 44, 0)\" text_align=\"center\" srcset=\"https:\/\/www.turbosol.com.ar\/web\/wp-content\/uploads\/2020\/04\/2-1.png 150w, https:\/\/www.turbosol.com.ar\/web\/wp-content\/uploads\/2020\/04\/2-1-100x100.png 100w\" sizes=\"auto, (max-width: 150px) 100vw, 150px\" \/>                                  <div class=\"overlay fill\"\n                      style=\"background-color: rgba(59, 44, 44, 0)\">\n                  <\/div>\n                                                  <div class=\"shade\"><\/div>\n                                              <\/div><!-- .image -->\n              <div class=\"box-text text-center\" >\n                 <p><\/p>\n              <\/div><!-- .text -->\n            <\/div><!-- .box -->\n            <\/a>          <\/div><!-- .col-inner -->\n         <\/div><!-- .col -->\n                 <div class=\"gallery-col col\" >\n          <div class=\"col-inner\">\n            <a class=\"image-lightbox lightbox-gallery\" href=\"https:\/\/www.turbosol.com.ar\/web\/wp-content\/uploads\/2020\/04\/1-1.png\" title=\"\">            <div class=\"box has-hover gallery-box box-shade dark\">\n              <div class=\"box-image\" style=\"width:86%;\">\n                <img loading=\"lazy\" decoding=\"async\" width=\"150\" height=\"150\" src=\"https:\/\/www.turbosol.com.ar\/web\/wp-content\/uploads\/2020\/04\/1-1.png\" class=\"attachment-large size-large\" alt=\"\" ids=\"424,423,422,421\" style=\"shade\" type=\"slider\" slider_nav_style=\"simple\" auto_slide=\"2000\" image_width=\"86\" image_size=\"large\" image_overlay=\"rgba(59, 44, 44, 0)\" text_align=\"center\" srcset=\"https:\/\/www.turbosol.com.ar\/web\/wp-content\/uploads\/2020\/04\/1-1.png 150w, https:\/\/www.turbosol.com.ar\/web\/wp-content\/uploads\/2020\/04\/1-1-100x100.png 100w\" sizes=\"auto, (max-width: 150px) 100vw, 150px\" \/>                                  <div class=\"overlay fill\"\n                      style=\"background-color: rgba(59, 44, 44, 0)\">\n                  <\/div>\n                                                  <div class=\"shade\"><\/div>\n                                              <\/div><!-- .image -->\n              <div class=\"box-text text-center\" >\n                 <p><\/p>\n              <\/div><!-- .text -->\n            <\/div><!-- .box -->\n            <\/a>          <\/div><!-- .col-inner -->\n         <\/div><!-- .col -->\n         <\/div>\n<\/div><\/div>\n<\/div>\n\n  <div class=\"banner has-hover\" id=\"banner-804703112\">\n          <div class=\"banner-inner fill\">\n        <div class=\"banner-bg fill\" >\n            <div class=\"bg fill bg-fill \"><\/div>\n                        <div class=\"overlay\"><\/div>            \n                    <\/div><!-- bg-layers -->\n        <div class=\"banner-layers container\">\n            <div class=\"fill banner-link\"><\/div>            \n        <\/div><!-- .banner-layers -->\n      <\/div><!-- .banner-inner -->\n\n            \n<style scope=\"scope\">\n\n#banner-804703112 {\n  padding-top: 20px;\n}\n#banner-804703112 .bg.bg-loaded {\n  background-image: url(https:\/\/www.turbosol.com.ar\/web\/wp-content\/uploads\/2020\/04\/bannerhome-1.jpg);\n}\n#banner-804703112 .overlay {\n  background-color: rgba(255, 255, 255, 0);\n}\n<\/style>\n  <\/div><!-- .banner -->\n\n\n<div class=\"message-box relative dark\" style=\"padding-top:145px;padding-bottom:145px;\"><div class=\"message-box-bg-image bg-fill fill\" style=\"background-image:url(https:\/\/www.turbosol.com.ar\/web\/wp-content\/uploads\/2019\/06\/jumbotron-1199x800.jpg);\"><\/div><div class=\"message-box-bg-overlay bg-fill fill\" ><\/div><div class=\"container relative\"><div class=\"inner last-reset\">\n<div class=\"row align-middle align-center\"  id=\"row-2031712036\">\n<div class=\"col medium-9 small-12 large-9\"  ><div class=\"col-inner\"  >\n<h2 class=\"mbr-section-subtitle align-left mbr-light pb-3 mbr-fonts-style display-5\">Desde 1990 con repuestos y servicio en Argentina.<\/h2>\n<\/div><\/div>\n<div class=\"col medium-2 small-12 large-2\"  ><div class=\"col-inner text-center\"  >\n<a href=\"https:\/\/www.turbosol.com.ar\/web\/shop\/\" target=\"_self\" class=\"button white is-outline\"  style=\"border-radius:99px;\">\n    <span>entrar<\/span>\n  <\/a>\n\n<\/div><\/div>\n\n<style scope=\"scope\">\n\n<\/style>\n<\/div>\n<\/div><\/div><\/div>\n","protected":false},"excerpt":{"rendered":"","protected":false},"author":2,"featured_media":0,"parent":0,"menu_order":12,"comment_status":"closed","ping_status":"closed","template":"page-blank.php","meta":{"footnotes":""},"class_list":["post-19","page","type-page","status-publish","hentry"],"_links":{"self":[{"href":"https:\/\/www.turbosol.com.ar\/web\/wp-json\/wp\/v2\/pages\/19","targetHints":{"allow":["GET"]}}],"collection":[{"href":"https:\/\/www.turbosol.com.ar\/web\/wp-json\/wp\/v2\/pages"}],"about":[{"href":"https:\/\/www.turbosol.com.ar\/web\/wp-json\/wp\/v2\/types\/page"}],"author":[{"embeddable":true,"href":"https:\/\/www.turbosol.com.ar\/web\/wp-json\/wp\/v2\/users\/2"}],"replies":[{"embeddable":true,"href":"https:\/\/www.turbosol.com.ar\/web\/wp-json\/wp\/v2\/comments?post=19"}],"version-history":[{"count":55,"href":"https:\/\/www.turbosol.com.ar\/web\/wp-json\/wp\/v2\/pages\/19\/revisions"}],"predecessor-version":[{"id":2780,"href":"https:\/\/www.turbosol.com.ar\/web\/wp-json\/wp\/v2\/pages\/19\/revisions\/2780"}],"wp:attachment":[{"href":"https:\/\/www.turbosol.com.ar\/web\/wp-json\/wp\/v2\/media?parent=19"}],"curies":[{"name":"wp","href":"https:\/\/api.w.org\/{rel}","templated":true}]}}